{"id":3162,"date":"2020-07-29T10:28:09","date_gmt":"2020-07-29T10:28:09","guid":{"rendered":"https:\/\/startersites.io\/blocksy\/blog\/?page_id=3162"},"modified":"2026-01-28T15:36:12","modified_gmt":"2026-01-28T15:36:12","slug":"contact","status":"publish","type":"page","link":"https:\/\/sagaeuropa.com\/?page_id=3162","title":{"rendered":"Contact"},"content":{"rendered":"\r\n<div class=\"wp-block-stackable-hero alignwide stk-block-hero stk-block stk-6b42142 alignfull is-style-default\" data-v=\"2\" data-block-id=\"6b42142\"><style>.stk-6b42142-inner-blocks{justify-content:center !important;}.stk-6b42142 {margin-bottom:0px !important;}.stk-6b42142-container{background-image:url(https:\/\/sagaeuropa.com\/wp-content\/uploads\/2020\/01\/john-moeses-bauan-EiwfpX6mh1w-unsplash-1.jpg) !important;box-shadow:none !important;}.stk-6b42142 .stk-block-hero__content{min-height:500px !important;align-items:center !important;display:flex !important;}@media screen and (max-width:999px){.stk-6b42142 {margin-bottom:80px !important;}}@media screen and (max-width:689px){.stk-6b42142 {margin-bottom:35px !important;}}<\/style>\r\n<div class=\"stk-block-hero__content stk-content-align stk-6b42142-column alignwide stk-container stk-6b42142-container stk-hover-parent stk--has-background-overlay\">\r\n<div class=\"stk-block-content stk-inner-blocks has-text-align-center stk--column-flex stk-6b42142-inner-blocks\">\r\n<p>&nbsp;<\/p>\r\n\r\n\r\n\r\n<p>&nbsp;<\/p>\r\n\r\n\r\n\r\n<div id=\"say-hello\" class=\"wp-block-stackable-heading stk-block-heading stk-block-heading--v2 stk-block stk-fc051d0\" data-block-id=\"fc051d0\"><style>.stk-fc051d0 .stk-block-heading__text{font-size:55px !important;font-weight:900 !important;}@media screen and (max-width:999px){.stk-fc051d0 .stk-block-heading__text{font-size:40px !important;}}<\/style>\r\n<h1 class=\"stk-block-heading__text\">Say Hello!<\/h1>\r\n<\/div>\r\n\r\n\r\n\r\n<div class=\"wp-block-stackable-text stk-block-text stk-block stk-26444a0\" data-block-id=\"26444a0\">\r\n<p class=\"stk-block-text__text\">I&#8217;d love to hear from you<\/p>\r\n<\/div>\r\n<\/div>\r\n<\/div>\r\n<\/div>\r\n\r\n\r\n\r\n<div class=\"wp-block-stackable-feature-grid stk-block-feature-grid stk-block-columns stk-block stk-b651c70 is-style-default\" data-block-id=\"b651c70\"><style>.stk-b651c70 {margin-bottom:0px !important;}.stk-b651c70-column{--stk-columns-spacing:0px !important;--stk-column-gap:35px !important;row-gap:35px !important;}@media screen and (max-width:999px){.stk-b651c70 {margin-bottom:80px !important;}}@media screen and (max-width:689px){.stk-b651c70 {margin-bottom:35px !important;}}<\/style>\r\n<div class=\"stk-row stk-inner-blocks has-text-align-center stk-block-content stk-content-align stk-b651c70-column\">\r\n<div class=\"wp-block-stackable-column stk-block-column stk-column stk-block stk-cdb8990\" data-v=\"4\" data-block-id=\"cdb8990\"><style>.stk-cdb8990-container{margin-top:0px !important;margin-right:0px !important;margin-bottom:0px !important;margin-left:0px !important;background-color:#f8f9fb !important;border-top-left-radius:12px !important;border-top-right-radius:12px !important;border-bottom-right-radius:12px !important;border-bottom-left-radius:12px !important;overflow:hidden !important;box-shadow:none !important;padding-top:60px !important;padding-right:35px !important;padding-bottom:60px !important;padding-left:35px !important;}.stk-cdb8990-container:before{background-color:#f8f9fb !important;}<\/style>\r\n<div class=\"stk-column-wrapper stk-block-column__content stk-container stk-cdb8990-container stk-hover-parent\">\r\n<div class=\"stk-block-content stk-inner-blocks stk-cdb8990-inner-blocks\">\r\n<div class=\"wp-block-stackable-image stk-block-image stk-block stk-c60f1ee\" data-block-id=\"c60f1ee\"><style>.stk-c60f1ee .stk-img-wrapper{width:70px !important;}<\/style>\r\n<figure><span class=\"stk-img-wrapper stk-image--shape-stretch\"><img loading=\"lazy\" decoding=\"async\" class=\"stk-img wp-image-3169\" src=\"https:\/\/sagaeuropa.com\/wp-content\/uploads\/2020\/07\/icon4.svg\" width=\"70\" height=\"300\" \/><\/span><\/figure>\r\n<\/div>\r\n\r\n\r\n\r\n<div id=\"physical-address\" class=\"wp-block-stackable-heading stk-block-heading stk-block-heading--v2 stk-block stk-92f3edf\" data-block-id=\"92f3edf\"><style>.stk-92f3edf {margin-bottom:16px !important;}<\/style>\r\n<h5 class=\"stk-block-heading__text\">Physical Address<\/h5>\r\n<\/div>\r\n\r\n\r\n\r\n<div class=\"wp-block-stackable-text stk-block-text stk-block stk-e3907c6\" data-block-id=\"e3907c6\">\r\n<p class=\"stk-block-text__text\">V\u00e5mmedalsv\u00e4gen 124,<\/p>\r\n<p class=\"stk-block-text__text\">K\u00e5llered 428 31,<\/p>\r\n<p class=\"stk-block-text__text\">Sweden<\/p>\r\n<\/div>\r\n\r\n\r\n\r\n<p>&nbsp;<\/p>\r\n<\/div>\r\n<\/div>\r\n<\/div>\r\n\r\n\r\n\r\n<div class=\"wp-block-stackable-column stk-block-column stk-column stk-block stk-661994c\" data-v=\"4\" data-block-id=\"661994c\"><style>.stk-661994c-container{margin-top:0px !important;margin-right:0px !important;margin-bottom:0px !important;margin-left:0px !important;background-color:#f8f9fb !important;border-top-left-radius:12px !important;border-top-right-radius:12px !important;border-bottom-right-radius:12px !important;border-bottom-left-radius:12px !important;overflow:hidden !important;box-shadow:none !important;padding-top:60px !important;padding-right:35px !important;padding-bottom:60px !important;padding-left:35px !important;}.stk-661994c-container:before{background-color:#f8f9fb !important;}<\/style>\r\n<div class=\"stk-column-wrapper stk-block-column__content stk-container stk-661994c-container stk-hover-parent\">\r\n<div class=\"stk-block-content stk-inner-blocks stk-661994c-inner-blocks\">\r\n<div class=\"wp-block-stackable-image stk-block-image stk-block stk-2b0def7\" data-block-id=\"2b0def7\"><style>.stk-2b0def7 .stk-img-wrapper{width:70px !important;}<\/style>\r\n<figure><span class=\"stk-img-wrapper stk-image--shape-stretch\"><img loading=\"lazy\" decoding=\"async\" class=\"stk-img wp-image-3168\" src=\"https:\/\/sagaeuropa.com\/wp-content\/uploads\/2020\/07\/icon5.svg\" width=\"70\" height=\"300\" \/><\/span><\/figure>\r\n<\/div>\r\n\r\n\r\n\r\n<div id=\"email-address\" class=\"wp-block-stackable-heading stk-block-heading stk-block-heading--v2 stk-block stk-bab06e4\" data-block-id=\"bab06e4\"><style>.stk-bab06e4 {margin-bottom:16px !important;}<\/style>\r\n<h5 class=\"stk-block-heading__text\">Email Address<\/h5>\r\n<\/div>\r\n\r\n\r\n\r\n<div class=\"wp-block-stackable-text stk-block-text stk-block stk-bb17cc6\" data-block-id=\"bb17cc6\">\r\n<p class=\"stk-block-text__text\">sagaeuropa@yahoo.com<\/p>\r\n<p>&nbsp;<\/p>\r\n<\/div>\r\n<\/div>\r\n<\/div>\r\n<\/div>\r\n\r\n\r\n\r\n<div class=\"wp-block-stackable-column stk-block-column stk-column stk-block stk-e4959f3\" data-v=\"4\" data-block-id=\"e4959f3\"><style>.stk-e4959f3-container{margin-top:0px !important;margin-right:0px !important;margin-bottom:0px !important;margin-left:0px !important;background-color:#f8f9fb !important;border-top-left-radius:12px !important;border-top-right-radius:12px !important;border-bottom-right-radius:12px !important;border-bottom-left-radius:12px !important;overflow:hidden !important;box-shadow:none !important;padding-top:60px !important;padding-right:35px !important;padding-bottom:60px !important;padding-left:35px !important;}.stk-e4959f3-container:before{background-color:#f8f9fb !important;}<\/style>\r\n<div class=\"stk-column-wrapper stk-block-column__content stk-container stk-e4959f3-container stk-hover-parent\">\r\n<div class=\"stk-block-content stk-inner-blocks stk-e4959f3-inner-blocks\">\r\n<div class=\"wp-block-stackable-image stk-block-image stk-block stk-91919b5\" data-block-id=\"91919b5\"><style>.stk-91919b5 .stk-img-wrapper{width:70px !important;}<\/style>\r\n<figure><span class=\"stk-img-wrapper stk-image--shape-stretch\"><img loading=\"lazy\" decoding=\"async\" class=\"stk-img wp-image-3167\" src=\"https:\/\/sagaeuropa.com\/wp-content\/uploads\/2020\/07\/icon6.svg\" width=\"70\" height=\"300\" \/><\/span><\/figure>\r\n<\/div>\r\n\r\n\r\n\r\n<div id=\"phone-number\" class=\"wp-block-stackable-heading stk-block-heading stk-block-heading--v2 stk-block stk-69d1753\" data-block-id=\"69d1753\"><style>.stk-69d1753 {margin-bottom:16px !important;}<\/style>\r\n<h5 class=\"stk-block-heading__text\">Phone Number<\/h5>\r\n<\/div>\r\n\r\n\r\n\r\n<div class=\"wp-block-stackable-text stk-block-text stk-block stk-4653d36\" data-block-id=\"4653d36\">\r\n<p class=\"stk-block-text__text\">(+46) 721-867-893<\/p>\r\n<\/div>\r\n<\/div>\r\n<\/div>\r\n<\/div>\r\n<\/div>\r\n<\/div>\r\n\r\n\r\n\r\n<div class=\"wp-block-stackable-columns stk-block-columns stk-block stk-431e1d7\" data-block-id=\"431e1d7\"><style>.stk-431e1d7 .stk--block-align-431e1d7{align-items:center !important;}.stk-431e1d7 {margin-bottom:50px !important;}.stk-431e1d7-column{--stk-columns-spacing:0px !important;--stk-column-gap:35px !important;row-gap:35px !important;}@media screen and (max-width:689px){.stk-431e1d7 {margin-bottom:0px !important;}}<\/style>\r\n<div class=\"stk-row stk-inner-blocks stk--block-align-431e1d7 stk-block-content stk-content-align stk-431e1d7-column\">\r\n<div class=\"wp-block-stackable-column stk-block-column stk-column stk-block stk-dfb5699\" data-v=\"4\" data-block-id=\"dfb5699\">\r\n<div class=\"stk-column-wrapper stk-block-column__content stk-container stk-dfb5699-container stk--no-background stk--no-padding\">\r\n<div class=\"stk-block-content stk-inner-blocks stk-dfb5699-inner-blocks\">\r\n<div class=\"wp-block-stackable-video-popup stk-block-video-popup stk-block stk-d380f34\" data-video=\"https:\/\/www.youtube.com\/watch?v=eLTfGT-_vKE&amp;t=1s\" data-block-id=\"d380f34\">\r\n<div class=\"stk-block-video-popup__overlay stk-row stk-inner-blocks stk-block-content stk-hover-parent\" tabindex=\"0\" role=\"button\" aria-label=\"Play Video\">\r\n<div class=\"wp-block-stackable-icon stk-block-icon has-text-align-center stk-block stk-f96ff51\" data-block-id=\"f96ff51\"><style>.stk-f96ff51 .stk--svg-wrapper .stk--inner-svg svg:last-child{height:40px !important;width:40px !important;}.stk-f96ff51 .stk--svg-wrapper .stk--inner-svg svg:last-child, .stk-f96ff51 .stk--svg-wrapper .stk--inner-svg svg:last-child :is(g, path, rect, polygon, ellipse){fill:#ffffff !important;}<\/style>\r\n<div class=\"stk--inner-svg\">\u00a0<\/div>\r\n<\/div>\r\n\r\n\r\n\r\n<div class=\"wp-block-stackable-image stk-block-image stk-block stk-ac4430f\" data-block-id=\"ac4430f\"><style>.stk-ac4430f {border-top-left-radius:5px !important;border-top-right-radius:5px !important;border-bottom-right-radius:5px !important;border-bottom-left-radius:5px !important;overflow:hidden !important;}.stk-ac4430f .stk-img-wrapper{height:700px !important;}@media screen and (max-width:999px){.stk-ac4430f .stk-img-wrapper{height:400px !important;}}<\/style>\r\n<figure><span class=\"stk-img-wrapper stk-image--shape-stretch\"><img data-recalc-dims=\"1\" loading=\"lazy\" decoding=\"async\" class=\"stk-img wp-image-2637\" src=\"https:\/\/i0.wp.com\/sagaeuropa.com\/wp-content\/uploads\/2020\/01\/roman-mager-59779-unsplash.jpg?resize=600%2C450&#038;ssl=1\" width=\"600\" height=\"450\" srcset=\"https:\/\/i0.wp.com\/sagaeuropa.com\/wp-content\/uploads\/2020\/01\/roman-mager-59779-unsplash.jpg?w=600&amp;ssl=1 600w, https:\/\/i0.wp.com\/sagaeuropa.com\/wp-content\/uploads\/2020\/01\/roman-mager-59779-unsplash.jpg?resize=300%2C225&amp;ssl=1 300w\" sizes=\"auto, (max-width: 600px) 100vw, 600px\" \/><\/span><\/figure>\r\n<\/div>\r\n<\/div>\r\n<\/div>\r\n<\/div>\r\n<\/div>\r\n<\/div>\r\n\r\n\r\n\r\n<div class=\"wp-block-stackable-column stk-block-column stk-column stk-block stk-259b7bb\" data-v=\"4\" data-block-id=\"259b7bb\">\r\n<div class=\"stk-column-wrapper stk-block-column__content stk-container stk-259b7bb-container stk--no-background stk--no-padding\">\r\n<div class=\"stk-block-content stk-inner-blocks stk-259b7bb-inner-blocks\">\r\n<h4 class=\"wp-block-heading\">Need some help?<\/h4>\r\n\r\n\r\n\r\n<p>Fill out the form below and I&#8217;ll be in touch!<\/p>\r\n\r\n\r\n<\/div>\r\n<\/div>\r\n<\/div>\r\n<\/div>\r\n<\/div>\r\n","protected":false},"excerpt":{"rendered":"<p>&nbsp; &nbsp; Say Hello! I&#8217;d love to hear from you Physical Address V\u00e5mmedalsv\u00e4gen 124, K\u00e5llered 428 31, Sweden &nbsp; Email Address sagaeuropa@yahoo.com &nbsp; Phone Number (+46) 721-867-893 \u00a0 Need some help? Fill out the form below and I&#8217;ll be in touch!<\/p>\n","protected":false},"author":1,"featured_media":0,"parent":0,"menu_order":0,"comment_status":"closed","ping_status":"closed","template":"","meta":{"footnotes":""},"class_list":["post-3162","page","type-page","status-publish","hentry"],"blocksy_meta":{"page_title_panel":"","has_hero_section":"disabled","e7051b430ba01e5eec6ad0c583187860":"","hero_section":"type-1","hero_elements":[{"id":"custom_title","enabled":true,"heading_tag":"h1","title":"Home"},{"id":"custom_description","enabled":true,"description_visibility":{"desktop":true,"tablet":true,"mobile":false}},{"id":"custom_meta","enabled":false,"meta_elements":[{"id":"author","enabled":true,"label":"By","has_author_avatar":"yes","avatar_size":25},{"id":"post_date","enabled":true,"label":"On","date_format_source":"default","date_format":"M j, Y"},{"id":"comments","enabled":true}],"page_meta_elements":{"joined":true,"articles_count":true,"comments":true}},{"id":"breadcrumbs","enabled":false}],"7f5851bb794b68042bb93db2d22b8737":"","hero_alignment1":"left","hero_alignment2":"center","hero_vertical_alignment":"center","b550823cd3036ffb86c839c7926bd0eb":"","hero_structure":"narrow","fb781698d03fc8612f8616e24fab813a":"","page_title_bg_type":"featured_image","custom_hero_background":{"attachment_id":null},"parallax":{"desktop":false,"tablet":false,"mobile":false},"460bdca06e0e8f6233bb753ff609b92e":"","hero_height":"230px","pageTitleFont":{"family":"Default","variation":"Default","size":{"desktop":"32px","tablet":"30px","mobile":"25px"},"line-height":"1.3","letter-spacing":"CT_CSS_SKIP_RULE","text-transform":"CT_CSS_SKIP_RULE","text-decoration":"CT_CSS_SKIP_RULE"},"pageTitleFontColor":{"default":{"color":"CT_CSS_SKIP_RULEDEFAULT"}},"pageMetaFont":{"family":"Default","variation":"n6","size":{"desktop":"12px","tablet":"12px","mobile":"12px"},"line-height":"1.3","letter-spacing":"CT_CSS_SKIP_RULE","text-transform":"uppercase","text-decoration":"CT_CSS_SKIP_RULE"},"pageMetaFontColor":{"default":{"color":"CT_CSS_SKIP_RULEDEFAULT"},"hover":{"color":"CT_CSS_SKIP_RULEDEFAULT"}},"pageExcerptFont":{"family":"Default","variation":"n5","size":"CT_CSS_SKIP_RULE","line-height":"CT_CSS_SKIP_RULE","letter-spacing":"CT_CSS_SKIP_RULE","text-transform":"CT_CSS_SKIP_RULE","text-decoration":"CT_CSS_SKIP_RULE"},"pageExcerptColor":{"default":{"color":"CT_CSS_SKIP_RULEDEFAULT"}},"breadcrumbsFont":{"family":"Default","variation":"n6","size":"12px","line-height":"CT_CSS_SKIP_RULE","letter-spacing":"CT_CSS_SKIP_RULE","text-transform":"uppercase","text-decoration":"CT_CSS_SKIP_RULE"},"breadcrumbsFontColor":{"default":{"color":"CT_CSS_SKIP_RULEDEFAULT"},"initial":{"color":"CT_CSS_SKIP_RULEDEFAULT"},"hover":{"color":"CT_CSS_SKIP_RULEDEFAULT"}},"pageTitleOverlay":{"default":{"color":"rgba(41, 51, 60, 0.2)"}},"pageTitleBackground":{"background_type":"color","background_pattern":"type-1","background_image":{"attachment_id":null,"x":0,"y":0},"background_repeat":"no-repeat","background_size":"auto","background_attachment":"scroll","patternColor":{"default":{"color":"#e5e7ea"}},"backgroundColor":{"default":{"color":"#EDEFF2"}}},"03c0feb20c7e1efc05c317b700e50f59":"","page_structure_type":"default","content_style":"inherit","vertical_spacing_source":"custom","content_area_spacing":"bottom","background":{"background_type":"color","background_pattern":"type-1","background_image":{"attachment_id":null,"x":0,"y":0},"background_repeat":"no-repeat","background_size":"auto","background_attachment":"scroll","patternColor":{"default":{"color":"#e5e7ea"}},"backgroundColor":{"default":{"color":"CT_CSS_SKIP_RULE"}}},"content_background":{"background_type":"color","background_pattern":"type-1","background_image":{"attachment_id":null,"x":0,"y":0},"background_repeat":"no-repeat","background_size":"auto","background_attachment":"scroll","patternColor":{"default":{"color":"#e5e7ea"}},"backgroundColor":{"default":{"color":"#ffffff"}}},"content_boxed_spacing":{"desktop":"40px","tablet":"35px","mobile":"20px"},"content_boxed_radius":{"top":"3px","bottom":"3px","left":"3px","right":"3px","linked":true},"content_boxed_shadow":{"blur":18,"spread":-6,"v_offset":12,"h_offset":0,"inset":false,"enable":true,"color":{"color":"rgba(34, 56, 101, 0.04)"}},"7b34bc4a52487138bda5e8bab7c494b1":"","disable_featured_image":"no","disable_header":"no","disable_footer":"no","styles_descriptor":{"styles":{"desktop":"","tablet":"","mobile":""},"google_fonts":[],"version":6}},"jetpack_sharing_enabled":true,"brizy_media":[],"_links":{"self":[{"href":"https:\/\/sagaeuropa.com\/index.php?rest_route=\/wp\/v2\/pages\/3162","targetHints":{"allow":["GET"]}}],"collection":[{"href":"https:\/\/sagaeuropa.com\/index.php?rest_route=\/wp\/v2\/pages"}],"about":[{"href":"https:\/\/sagaeuropa.com\/index.php?rest_route=\/wp\/v2\/types\/page"}],"author":[{"embeddable":true,"href":"https:\/\/sagaeuropa.com\/index.php?rest_route=\/wp\/v2\/users\/1"}],"replies":[{"embeddable":true,"href":"https:\/\/sagaeuropa.com\/index.php?rest_route=%2Fwp%2Fv2%2Fcomments&post=3162"}],"version-history":[{"count":5,"href":"https:\/\/sagaeuropa.com\/index.php?rest_route=\/wp\/v2\/pages\/3162\/revisions"}],"predecessor-version":[{"id":4241,"href":"https:\/\/sagaeuropa.com\/index.php?rest_route=\/wp\/v2\/pages\/3162\/revisions\/4241"}],"wp:attachment":[{"href":"https:\/\/sagaeuropa.com\/index.php?rest_route=%2Fwp%2Fv2%2Fmedia&parent=3162"}],"curies":[{"name":"wp","href":"https:\/\/api.w.org\/{rel}","templated":true}]}}